{"id":3156,"date":"2025-10-17T21:26:55","date_gmt":"2025-10-18T00:26:55","guid":{"rendered":"https:\/\/estepatrekking.com.ar\/tienda\/?post_type=product&#038;p=3156"},"modified":"2025-10-31T21:08:37","modified_gmt":"2025-11-01T00:08:37","slug":"botella-psa-600-ml","status":"publish","type":"product","link":"https:\/\/estepatrekking.com.ar\/tienda\/producto\/botella-psa-600-ml\/","title":{"rendered":"BOTELLA PSA 600 ML"},"content":{"rendered":"<p>Botella PSA 600: cuerpo 100% Reciclado<\/p>\n<ul>\n<li>Pr\u00e1ctica y resistente.<\/li>\n<li>Libre de BPA.<\/li>\n<li>Cuerpo realizado a base de botellas recicladas.<\/li>\n<\/ul>\n<p><strong>Caracter\u00edsticas<\/strong><\/p>\n<p><strong>Cuerpo 100% Reciclado:<\/strong>\u00a0El cuerpo de la botella est\u00e1 realizado con pl\u00e1stico PET-PCR. Esto significa que est\u00e1 hecho a base de botellas recicladas.<\/p>\n<p><strong>Pr\u00e1ctica y resistente:<\/strong><\/p>\n<ul>\n<li>La practicidad de la tapa te permite colgar la botella y llevarla con vos a todas partes.<\/li>\n<li>Muy resistente: perfecta para llevarla al colegio, a la oficina, para hacer deporte o ir de paseo, \u00a1donde quieras!<\/li>\n<\/ul>\n<p><strong>Reutilizable:\u00a0<\/strong>Sus materiales y su elaboraci\u00f3n garantizan la durabilidad de la Botella. \u00a1Pod\u00e9s llenarla las veces que quieras!<\/p>\n<p><strong>Colores:\u00a0<\/strong>La Botella 600 reutilizable est\u00e1 disponible en cuatro colores: verde, rosa, celeste y amarillo para que elijas la que m\u00e1s te guste.<\/p>\n<p><strong>Conteniso Neto:\u00a0<\/strong>600ml<\/p>\n","protected":false},"excerpt":{"rendered":"<p>Botella PSA 600: cuerpo 100% Reciclado Pr\u00e1ctica y resistente. Libre de BPA. Cuerpo realizado a base de botellas recicladas. Caracter\u00edsticas Cuerpo 100% Reciclado:\u00a0El cuerpo de la botella est\u00e1 realizado con pl\u00e1stico PET-PCR. Esto significa que est\u00e1 hecho a base de botellas recicladas. Pr\u00e1ctica y resistente: La practicidad de la tapa te permite colgar la botella &#8230; <a title=\"BOTELLA PSA 600 ML\" class=\"read-more\" href=\"https:\/\/estepatrekking.com.ar\/tienda\/producto\/botella-psa-600-ml\/\" aria-label=\"Leer m\u00e1s sobre BOTELLA PSA 600 ML\">Leer m\u00e1s<\/a><\/p>\n","protected":false},"featured_media":3157,"template":"","meta":[],"product_brand":[],"product_cat":[48],"product_tag":[],"meses":[],"class_list":{"0":"post-3156","1":"product","2":"type-product","3":"status-publish","4":"has-post-thumbnail","6":"product_cat-productos","7":"sales-flash-overlay","8":"woocommerce-text-align-center","9":"woocommerce-image-align-center","10":"do-quantity-buttons","12":"first","13":"instock","14":"shipping-taxable","15":"purchasable","16":"product-type-simple"},"_links":{"self":[{"href":"https:\/\/estepatrekking.com.ar\/tienda\/wp-json\/wp\/v2\/product\/3156","targetHints":{"allow":["GET"]}}],"collection":[{"href":"https:\/\/estepatrekking.com.ar\/tienda\/wp-json\/wp\/v2\/product"}],"about":[{"href":"https:\/\/estepatrekking.com.ar\/tienda\/wp-json\/wp\/v2\/types\/product"}],"version-history":[{"count":1,"href":"https:\/\/estepatrekking.com.ar\/tienda\/wp-json\/wp\/v2\/product\/3156\/revisions"}],"predecessor-version":[{"id":3195,"href":"https:\/\/estepatrekking.com.ar\/tienda\/wp-json\/wp\/v2\/product\/3156\/revisions\/3195"}],"wp:featuredmedia":[{"embeddable":true,"href":"https:\/\/estepatrekking.com.ar\/tienda\/wp-json\/wp\/v2\/media\/3157"}],"wp:attachment":[{"href":"https:\/\/estepatrekking.com.ar\/tienda\/wp-json\/wp\/v2\/media?parent=3156"}],"wp:term":[{"taxonomy":"product_brand","embeddable":true,"href":"https:\/\/estepatrekking.com.ar\/tienda\/wp-json\/wp\/v2\/product_brand?post=3156"},{"taxonomy":"product_cat","embeddable":true,"href":"https:\/\/estepatrekking.com.ar\/tienda\/wp-json\/wp\/v2\/product_cat?post=3156"},{"taxonomy":"product_tag","embeddable":true,"href":"https:\/\/estepatrekking.com.ar\/tienda\/wp-json\/wp\/v2\/product_tag?post=3156"},{"taxonomy":"meses","embeddable":true,"href":"https:\/\/estepatrekking.com.ar\/tienda\/wp-json\/wp\/v2\/meses?post=3156"}],"curies":[{"name":"wp","href":"https:\/\/api.w.org\/{rel}","templated":true}]}}